{"id":1831,"date":"2025-09-05T14:38:30","date_gmt":"2025-09-05T14:38:30","guid":{"rendered":"https:\/\/www.orizon.pro\/privacy-policy-2\/"},"modified":"2025-10-21T12:37:15","modified_gmt":"2025-10-21T12:37:15","slug":"privacy-policy-2","status":"publish","type":"page","link":"https:\/\/www.orizon.pro\/it\/privacy-policy-2\/","title":{"rendered":"Privacy Policy"},"content":{"rendered":"\n<div class=\"gb-element-93f5b562\">\n<h1 class=\"gb-text gb-text-fbfc6a57\">Privacy Policy<\/h1>\n\n\n\n<div>\n<p>La presente informativa (\u201c<strong>Privacy Policy<\/strong>\u201d) \u00e8 resa ai sensi dell\u2019art. 13 del Regolamento UE 2016\/679 (\u201c<strong>GDPR<\/strong>\u201d), per descrive le modalit\u00e0 di trattamento dei tuoi dati personali, in qualit\u00e0 di utente che naviga all\u2019interno della piattaforma www.orizon.dev (\u201c<strong>Piattaforma<\/strong>\u201d) e dell\u2019applicazione mobile Orizon (\u201c<strong>App<\/strong>\u201d) e usufruisce dei servizi in esse contenuti.<\/p>\n\n\n\n<p><strong>Indice<\/strong><\/p>\n\n\n\n<ol class=\"wp-block-list\">\n<li><a href=\"https:\/\/www.orizon.dev\/it\/privacy-policy\/#titolare-trattamento\"><u>Titolare del trattamento<\/u><\/a><br><a href=\"https:\/\/www.orizon.dev\/it\/privacy-policy\/#titolare-trattamento\"><u>Tipologia di dati personali trattati<\/u><\/a><\/li>\n\n\n\n<li><a href=\"https:\/\/www.orizon.dev\/it\/privacy-policy\/#trattamento-dati\"><u>Finalit\u00e0 e modalit\u00e0 del trattamento dei dati<\/u><\/a><\/li>\n\n\n\n<li><a href=\"https:\/\/www.orizon.dev\/it\/privacy-policy\/#base-giuridica\"><u>Base giuridica del trattamento<\/u><\/a><\/li>\n\n\n\n<li><a href=\"https:\/\/www.orizon.dev\/it\/privacy-policy\/#raccolta-dati\"><u>Raccolta dei dati e conseguenze di un loro eventuale mancato conferimento<\/u><\/a><\/li>\n\n\n\n<li><a href=\"https:\/\/www.orizon.dev\/it\/privacy-policy\/#revoca-consenso\"><u>Revoca del consenso<\/u><\/a><\/li>\n\n\n\n<li><a href=\"https:\/\/www.orizon.dev\/it\/privacy-policy\/#dati-personali\"><u>Destinatari\/Categorie di destinatari dei dati personali<\/u><\/a><\/li>\n\n\n\n<li><a href=\"https:\/\/www.orizon.dev\/it\/privacy-policy\/#periodo-conservazione\"><u>Periodo di conservazione dei dati<\/u><\/a><\/li>\n\n\n\n<li><a href=\"https:\/\/www.orizon.dev\/it\/privacy-policy\/#diritti-interessato\"><u>Diritti dell\u2019interessato<\/u><\/a><\/li>\n\n\n\n<li><a href=\"https:\/\/www.orizon.dev\/it\/privacy-policy\/#reclamo-garante\"><u>Reclamo al Garante per la protezione dei dati personali<\/u><\/a><\/li>\n\n\n\n<li><a href=\"https:\/\/www.orizon.dev\/it\/privacy-policy\/#dati-minori\"><u>Diritti personali dei minori<\/u><\/a><\/li>\n\n\n\n<li><a href=\"https:\/\/www.orizon.dev\/it\/privacy-policy\/#aggiornamenti\"><u>Aggiornamenti e modifiche<\/u><\/a><\/li>\n\n\n\n<li><a href=\"https:\/\/www.orizon.dev\/it\/privacy-policy\/#altri-siti\"><u>Collegamenti ad altri siti<\/u><\/a><\/li>\n<\/ol>\n\n\n\n<p><strong>1. Titolare del Trattamento \u2013 Tipologia di dati personali trattati<\/strong><\/p>\n\n\n\n<p>Il titolare del trattamento dei dati personali \u00e8&nbsp;<strong>Cartello S.r.l.<\/strong>, con sede legale in Corso di Porta Nuova, 20121 Milano (MI), C.F. 02658320102 \u2013 P.IVA 12677250156, e-mail&nbsp;<a href=\"mailto:info@orizon.dev\">info@orizon.dev<\/a>&nbsp;(di seguito il \u201c<strong>Titolare<\/strong>\u201d).<\/p>\n\n\n\n<p><strong>Tipologia di dati personali trattati<\/strong><\/p>\n\n\n\n<p>Il Titolare raccoglie e tratta i tuoi dati personali (\u201c<strong>Dati Personali<\/strong>\u201d o solo \u201c<strong>Dati<\/strong>\u201d) e, nello specifico:<\/p>\n\n\n\n<ul class=\"wp-block-list\">\n<li><strong>Dati di navigazione<\/strong>: i sistemi informatici e le procedure software preposte al funzionamento della Piattaforma o dell\u2019App acquisiscono, nel corso del loro normale esercizio, alcuni dati la cui trasmissione \u00e8 implicita nell\u2019uso dei protocolli di comunicazione di Internet.<\/li>\n<\/ul>\n\n\n\n<p>Si tratta di informazioni che non sono raccolte per essere associate a interessati identificati ma che, per loro stessa natura, potrebbero permettere di identificare gli utenti attraverso elaborazioni ed associazioni con dati detenuti da terzi. In questa categoria di dati rientrano, tra gli altri, gli indirizzi IP, l\u2019orario della richiesta, il codice identificativo indicante lo stato della risposta data dal server, lo user agent utilizzato, ecc. e altri parametri relativi al sistema operativo e all\u2019ambiente informatico dell\u2019utente.<\/p>\n\n\n\n<p>Questi dati non vengono diffusi ma sono utilizzati al solo fine di ricavare informazioni statistiche anonime sull\u2019uso della Piattaforme o dell\u2019App e per controllarne il corretto funzionamento e sono conservati per i tempi definiti dalla normativa legale di riferimento. Tali dati potrebbero comunque essere utilizzati per l\u2019accertamento di responsabilit\u00e0 in caso di ipotetici reati informatici ai danni della Piattaforme o dell\u2019App.<\/p>\n\n\n\n<ul class=\"wp-block-list\">\n<li><strong>Dati da te forniti<\/strong>: dati personali identificativi e di contatto, ad esempio nome, cognome, indirizzo di posta elettronica, telefono, immagini fotografiche.<\/li>\n<\/ul>\n\n\n\n<p><strong>Cookie<\/strong>: file di testo che possono essere utilizzati per rendere pi\u00f9 efficiente l\u2019esperienza di navigazione per l\u2019utente. Per maggiori dettagli La invitiamo a consultare la pagina&nbsp;<a href=\"https:\/\/www.orizon.dev\/it\/cookie-policy\/\">Cookie Policy.<\/a><\/p>\n\n\n\n<p><strong>2. Finalit\u00e0 e modalit\u00e0 del trattamento dei dati<\/strong><\/p>\n\n\n\n<p>I Dati Personali da te forniti sono raccolti e trattati per le seguenti finalit\u00e0:<\/p>\n\n\n\n<ol class=\"wp-block-list\">\n<li>gestire la tua registrazione alla Piattaforma e\/o App e la conseguente creazione del proprio account personale, compresa la personalizzazione con l\u2019immagine profilo;<\/li>\n\n\n\n<li>ricevere la newsletter di Cartello per rimanere aggiornato sulle iniziative istituzionali promosse dalla stessa;<\/li>\n\n\n\n<li>effettuare attivit\u00e0 di marketing diretto nei tuoi confronti, al fine di aggiornarti su tutte le iniziative promozionali di Cartello, anche attraverso l\u2019invio di materiale pubblicitario e\/o promozionale;<\/li>\n\n\n\n<li>effettuare attivit\u00e0 di profilazione nei tuoi confronti, al fine di analizzare le tue preferenze, abitudini, interessi e scelte di consumo per la creazione di specifici profili di utenti.<\/li>\n<\/ol>\n\n\n\n<p>Il trattamento dei dati personali sar\u00e0 effettuato dal Titolare del trattamento e da soggetti espressamente designati, tramite l\u2019ausilio di strumenti informatici e secondo i principi di legge, tutelando la riservatezza dei soggetti interessati e i loro diritti mediante l\u2019adozione di idonee misure tecniche ed organizzative per garantire un livello di sicurezza adeguato al rischio. Saranno inoltre adottate specifiche ed adeguate misure di sicurezza tecniche e fisiche, ai sensi degli artt. 5 e 32 del Regolamento, volte ad evitare i rischi di perdita, distruzione e accesso non autorizzato.<\/p>\n\n\n\n<p><strong>3. Base giuridica del trattamento<\/strong><\/p>\n\n\n\n<p>La base giuridica del trattamento per le finalit\u00e0 di cui al punto 3 \u00e8:<\/p>\n\n\n\n<ol class=\"wp-block-list\">\n<li>per gestire la tua registrazione alla Piattaforma e\/o App e la conseguente creazione dell\u2019account personale, compresa la personalizzazione con l\u2019immagine profilo, l\u2019esecuzione del contratto in essere con il Titolare, ai sensi dell\u2019art. 6, par. 1 lett. b) GDPR;<\/li>\n\n\n\n<li>per ricevere la newsletter di Cartello, per effettuare attivit\u00e0 di marketing diretto e effettuare attivit\u00e0 di profilazione, il tuo consenso espresso liberamente, ai sensi dell\u2019art. 6, par. 1 lett. a) GDPR.<\/li>\n<\/ol>\n\n\n\n<p><strong>4. Raccolta dei dati e conseguenze di un loro eventuale mancato conferimento<\/strong><\/p>\n\n\n\n<p>Il conferimento dei tuoi Dati Personali \u00e8 facoltativo ma necessario al raggiungimento delle finalit\u00e0 di cui al punto 3. Il loro eventuale mancato conferimento non avr\u00e0 altra conseguenza se non l\u2019impossibilit\u00e0 di registrarti alla Piattaforma e\/o App e crearti un account personale, comprensivo di immagine profilo, ricevere la newsletter di Cartello, effettuare attivit\u00e0 di marketing diretto e\/o di profilazione nei tuoi confronti.<\/p>\n\n\n\n<p><strong>5. Revoca del consenso<\/strong><\/p>\n\n\n\n<p>\u00c8 suo diritto revocare in qualsiasi momento il consenso eventualmente rilasciato per le finalit\u00e0 di newsletter, marketing diretto e\/o profilazione, senza pregiudicare per\u00f2 la liceit\u00e0 del trattamento effettuato sulla base del consenso prestato prima della revoca.<\/p>\n\n\n\n<p>Al fine di revocare il tuo consenso al trattamento sar\u00e0 sufficiente inviare la tua richiesta di revoca del consenso al Titolare mediante lettera raccomandata, telefax o posta elettronica agli indirizzi e ai recapiti indicati al punto 1 della presente Privacy Policy.<\/p>\n\n\n\n<p><strong>6. Destinatari\/ Categorie di destinatari dei Dati Personali<\/strong><\/p>\n\n\n\n<p>I Dati potranno essere comunicati, all\u2019interno dell\u2019UE alle strutture, ai soggetti ed alle societ\u00e0 esterne (ivi inclusi i consulenti, softwarehouse Mobilbyte, partner commerciali, fornitori di cloud computing) di cui il Titolare si avvale per la gestione del Sito e per lo svolgimento di attivit\u00e0 connesse, strumentali o conseguenti all\u2019esecuzione dei Servizi offerti dalla Piattaforme e\/o dall\u2019App.<\/p>\n\n\n\n<p>I Dati non saranno in ogni caso trasferiti al di fuori dell\u2019Unione Europea n\u00e9 saranno oggetto di diffusione.<\/p>\n\n\n\n<p><strong>7. Periodo di conservazione dei dati<\/strong><\/p>\n\n\n\n<p>Fatti salvi gli obblighi di legge, i tuoi Dati Personali saranno conservati per un periodo determinato, in base alla natura dei Servizi forniti attraverso la Piattaforme o l\u2019App, ovvero:<\/p>\n\n\n\n<ol class=\"wp-block-list\">\n<li>per gestire la tua registrazione alla Piattaforma e\/o App e la creazione dell\u2019account personale, compresa la personalizzazione con l\u2019immagine profilo, fino alla richiesta di cancellazione dell\u2019account personale creato;<\/li>\n\n\n\n<li>per ricevere la newsletter di Cartello, fino alla richiesta di revoca del consenso dato;<\/li>\n\n\n\n<li>per effettuare attivit\u00e0 di marketing diretto, per un periodo non superiore a 24 mesi dalla loro registrazione;<\/li>\n\n\n\n<li>per effettuare attivit\u00e0 di profilazione, per un periodo non superiore a 12 mesi dalla loro registrazione.<\/li>\n<\/ol>\n\n\n\n<p><strong>8. Diritti dell\u2019interessato<\/strong><\/p>\n\n\n\n<p>In ogni momento potrai esercitare i tuoi diritti nei confronti del Titolare del trattamento ai sensi degli artt. 15 e ss. GDPR che, per comodit\u00e0 riportiamo di seguito:<\/p>\n\n\n\n<ul class=\"wp-block-list\">\n<li><strong>Diritto di accesso e rettifica<\/strong>&nbsp;(artt. 15 e 16 GDPR): il diritto di ottenere la conferma che sia o meno in corso un trattamento dei tuoi Dati Personali e, in tal caso, di ottenere l\u2019accesso agli stessi. Hai inoltre il diritto di chiedere la rettifica dei dati inesatti e l\u2019integrazione dei dati incompleti. L\u2019esercizio di tali diritti potr\u00e0 essere svolto scrivendo direttamente all\u2019indirizzo&nbsp;<a href=\"mailto:info@orizon.dev\">info@orizon.dev<\/a>. Se lo desideri, Ti forniremo una copia dei tuoi Dati in nostro possesso.<\/li>\n\n\n\n<li><strong>Diritto alla cancellazione dei dati<\/strong>&nbsp;(art. 17 GDPR): nei casi previsti dalla normativa vigente (es. i dati personali non sono pi\u00f9 necessari rispetto alle finalit\u00e0 per cui sono stati raccolti o altrimenti trattati, revoca del consenso, trattamento illecito, ecc.), puoi chiedere la cancellazione dei tuoi Dati Personali cui provvederemo senza ritardo.<\/li>\n\n\n\n<li><strong>Diritto di limitazione di trattamento<\/strong>&nbsp;(art. 18 GDPR): nei casi previsti dalla normativa vigente (inesattezza dei dati personali, illecito trattamento dei dati, ecc.) hai il diritto di ottenere la limitazione del trattamento dei tuoi Dati Personali.<\/li>\n\n\n\n<li><strong>Diritto alla portabilit\u00e0 dei dati<\/strong>&nbsp;(art. 20 GDPR): il diritto di ricevere i tuoi Dati in un formato strutturato, di uso comune e leggibile da dispositivo automatico, al fine di trasmetterli ad un altro titolare, oppure, qualora richiesto, provvederemo alla diretta trasmissione dei tuoi Dati ad altro titolare.<\/li>\n\n\n\n<li><strong>Diritto di opposizione<\/strong>&nbsp;(art. 21 GDPR): il diritto di opporsi in qualsiasi momento al trattamento dei Dati Personali che ti riguardano.<\/li>\n<\/ul>\n\n\n\n<p>In generale, per esercitare tali diritti sar\u00e0 sufficiente contattare il Titolare mediante lettera raccomandata, telefax o posta elettronica agli indirizzi e ai recapiti indicati al punto 1, eventualmente utilizzando la modulistica messa a disposizione sul sito dell\u2019Autorit\u00e0 Garante per la Protezione dei dati personali (<a href=\"https:\/\/www.garanteprivacy.it\/\">https:\/\/www.garanteprivacy.it<\/a>).<\/p>\n\n\n\n<p>Dal ricevimento della tua richiesta il Titolare ha a disposizione un mese di tempo per porre in essere tutte le azioni necessarie. Entro questo termine, nonostante l\u2019esercizio dei tuoi diritti, potrebbe ricevere ulteriori comunicazioni automatizzate il cui invio era stato pianificato prima della Sua richiesta. Il termine di un mese pu\u00f2 essere prorogato di due mesi in caso di richiesta complessa o di richieste numerose.<\/p>\n\n\n\n<p><strong>9. Reclamo al Garante per la protezione dei dati personali<\/strong><\/p>\n\n\n\n<p>Nel caso in cui dovesse ritenere che vi sia stata una violazione del tuo diritto alla protezione dei dati personali, \u00e8 tuo diritto proporre reclamo all\u2019Autorit\u00e0 Garante per la Protezione dei dati personali con le modalit\u00e0 e nel rispetto dei termini riportati sul sito dell\u2019Autorit\u00e0 stessa (<a href=\"https:\/\/www.garanteprivacy.it\/\">https:\/\/www.garanteprivacy.it<\/a>).<\/p>\n\n\n\n<p><strong>10. Dati personali dei minori<\/strong><\/p>\n\n\n\n<p>I servizi di questo Sito sono rivolti a un pubblico generale e non sono destinati a minori di et\u00e0 inferiore ai 18 anni. Non raccogliamo consapevolmente dati personali da parte degli utenti al di sotto di questa fascia di et\u00e0. In caso di rilascio di dati personali appartenenti ad un minore di anni 18, il Titolare provveder\u00e0 immediatamente alla loro cancellazione.<\/p>\n\n\n\n<p><strong>11. Aggiornamenti e modifiche<\/strong><\/p>\n\n\n\n<p>Il Titolare potr\u00e0 modificare, integrare o semplicemente aggiornare, in tutto o in parte, la presente Privacy Policy anche in considerazione di modifiche normative ovvero dell\u2019entrata in vigore di nuove normative di settore.<\/p>\n\n\n\n<p>Gli aggiornamenti e le modifiche saranno comunicati mediante pubblicazione sulla Piattaforme e sull\u2019App. Ti preghiamo pertanto di accedere con regolarit\u00e0 a questa sezione per verificare la pubblicazione della pi\u00f9 recente ed aggiornata Privacy Policy.<\/p>\n\n\n\n<p><strong>12. Collegamenti ad altri siti<\/strong><\/p>\n\n\n\n<p>Questa Privacy Policy \u00e8 fornita per la Piattaforme e l\u2019App e non \u00e8 valida per altri siti web esterni eventualmente consultabili tramite link di collegamento. &nbsp;<\/p>\n<\/div>\n<\/div>\n","protected":false},"excerpt":{"rendered":"<p>Privacy Policy La presente informativa (\u201cPrivacy Policy\u201d) \u00e8 resa ai sensi dell\u2019art. 13 del Regolamento UE 2016\/679 (\u201cGDPR\u201d), per descrive le modalit\u00e0 di trattamento dei tuoi dati personali, in qualit\u00e0 di utente che naviga all\u2019interno della piattaforma www.orizon.dev (\u201cPiattaforma\u201d) e dell\u2019applicazione mobile Orizon (\u201cApp\u201d) e usufruisce dei servizi in esse contenuti. Indice 1. Titolare del &#8230; <a title=\"Privacy Policy\" class=\"read-more\" href=\"https:\/\/www.orizon.pro\/it\/privacy-policy-2\/\" aria-label=\"Per saperne di pi\u00f9 su Privacy Policy\">Leggi tutto<\/a><\/p>\n","protected":false},"author":2,"featured_media":0,"parent":0,"menu_order":0,"comment_status":"closed","ping_status":"closed","template":"","meta":{"_acf_changed":false,"inline_featured_image":false,"footnotes":""},"class_list":["post-1831","page","type-page","status-publish"],"acf":[],"yoast_head":"<!-- This site is optimized with the Yoast SEO plugin v27.3 - https:\/\/yoast.com\/product\/yoast-seo-wordpress\/ -->\n<title>Privacy Policy - My WordPress<\/title>\n<meta name=\"robots\" content=\"index, follow, max-snippet:-1, max-image-preview:large, max-video-preview:-1\" \/>\n<link rel=\"canonical\" href=\"https:\/\/www.orizon.pro\/it\/privacy-policy-2\/\" \/>\n<meta property=\"og:locale\" content=\"it_IT\" \/>\n<meta property=\"og:type\" content=\"article\" \/>\n<meta property=\"og:title\" content=\"Privacy Policy - My WordPress\" \/>\n<meta property=\"og:description\" content=\"Privacy Policy La presente informativa (\u201cPrivacy Policy\u201d) \u00e8 resa ai sensi dell\u2019art. 13 del Regolamento UE 2016\/679 (\u201cGDPR\u201d), per descrive le modalit\u00e0 di trattamento dei tuoi dati personali, in qualit\u00e0 di utente che naviga all\u2019interno della piattaforma www.orizon.dev (\u201cPiattaforma\u201d) e dell\u2019applicazione mobile Orizon (\u201cApp\u201d) e usufruisce dei servizi in esse contenuti. Indice 1. Titolare del ... Leggi tutto\" \/>\n<meta property=\"og:url\" content=\"https:\/\/www.orizon.pro\/it\/privacy-policy-2\/\" \/>\n<meta property=\"og:site_name\" content=\"My WordPress\" \/>\n<meta property=\"article:publisher\" content=\"https:\/\/www.facebook.com\/CartelloSrl\/\" \/>\n<meta property=\"article:modified_time\" content=\"2025-10-21T12:37:15+00:00\" \/>\n<meta name=\"twitter:card\" content=\"summary_large_image\" \/>\n<meta name=\"twitter:label1\" content=\"Tempo di lettura stimato\" \/>\n\t<meta name=\"twitter:data1\" content=\"8 minuti\" \/>\n<script type=\"application\/ld+json\" class=\"yoast-schema-graph\">{\"@context\":\"https:\\\/\\\/schema.org\",\"@graph\":[{\"@type\":\"WebPage\",\"@id\":\"https:\\\/\\\/www.orizon.pro\\\/it\\\/privacy-policy-2\\\/\",\"url\":\"https:\\\/\\\/www.orizon.pro\\\/it\\\/privacy-policy-2\\\/\",\"name\":\"Privacy Policy - My WordPress\",\"isPartOf\":{\"@id\":\"https:\\\/\\\/www.orizon.pro\\\/it\\\/#website\"},\"datePublished\":\"2025-09-05T14:38:30+00:00\",\"dateModified\":\"2025-10-21T12:37:15+00:00\",\"breadcrumb\":{\"@id\":\"https:\\\/\\\/www.orizon.pro\\\/it\\\/privacy-policy-2\\\/#breadcrumb\"},\"inLanguage\":\"it-IT\",\"potentialAction\":[{\"@type\":\"ReadAction\",\"target\":[\"https:\\\/\\\/www.orizon.pro\\\/it\\\/privacy-policy-2\\\/\"]}]},{\"@type\":\"BreadcrumbList\",\"@id\":\"https:\\\/\\\/www.orizon.pro\\\/it\\\/privacy-policy-2\\\/#breadcrumb\",\"itemListElement\":[{\"@type\":\"ListItem\",\"position\":1,\"name\":\"Home\",\"item\":\"https:\\\/\\\/www.orizon.pro\\\/it\\\/\"},{\"@type\":\"ListItem\",\"position\":2,\"name\":\"Privacy Policy\"}]},{\"@type\":\"WebSite\",\"@id\":\"https:\\\/\\\/www.orizon.pro\\\/it\\\/#website\",\"url\":\"https:\\\/\\\/www.orizon.pro\\\/it\\\/\",\"name\":\"Orizon\",\"description\":\"\",\"publisher\":{\"@id\":\"https:\\\/\\\/www.orizon.pro\\\/it\\\/#organization\"},\"potentialAction\":[{\"@type\":\"SearchAction\",\"target\":{\"@type\":\"EntryPoint\",\"urlTemplate\":\"https:\\\/\\\/www.orizon.pro\\\/it\\\/?s={search_term_string}\"},\"query-input\":{\"@type\":\"PropertyValueSpecification\",\"valueRequired\":true,\"valueName\":\"search_term_string\"}}],\"inLanguage\":\"it-IT\"},{\"@type\":\"Organization\",\"@id\":\"https:\\\/\\\/www.orizon.pro\\\/it\\\/#organization\",\"name\":\"My WordPress\",\"url\":\"https:\\\/\\\/www.orizon.pro\\\/it\\\/\",\"logo\":{\"@type\":\"ImageObject\",\"inLanguage\":\"it-IT\",\"@id\":\"https:\\\/\\\/www.orizon.pro\\\/it\\\/#\\\/schema\\\/logo\\\/image\\\/\",\"url\":\"https:\\\/\\\/www.orizon.pro\\\/wp-content\\\/uploads\\\/2025\\\/09\\\/logo.png\",\"contentUrl\":\"https:\\\/\\\/www.orizon.pro\\\/wp-content\\\/uploads\\\/2025\\\/09\\\/logo.png\",\"width\":168,\"height\":41,\"caption\":\"My WordPress\"},\"image\":{\"@id\":\"https:\\\/\\\/www.orizon.pro\\\/it\\\/#\\\/schema\\\/logo\\\/image\\\/\"},\"sameAs\":[\"https:\\\/\\\/www.facebook.com\\\/CartelloSrl\\\/\",\"https:\\\/\\\/www.instagram.com\\\/cartello_marine\\\/\",\"https:\\\/\\\/www.youtube.com\\\/channel\\\/UCp_cS0v-NShhbjuhiVImv7g\"]}]}<\/script>\n<!-- \/ Yoast SEO plugin. -->","yoast_head_json":{"title":"Privacy Policy - My WordPress","robots":{"index":"index","follow":"follow","max-snippet":"max-snippet:-1","max-image-preview":"max-image-preview:large","max-video-preview":"max-video-preview:-1"},"canonical":"https:\/\/www.orizon.pro\/it\/privacy-policy-2\/","og_locale":"it_IT","og_type":"article","og_title":"Privacy Policy - My WordPress","og_description":"Privacy Policy La presente informativa (\u201cPrivacy Policy\u201d) \u00e8 resa ai sensi dell\u2019art. 13 del Regolamento UE 2016\/679 (\u201cGDPR\u201d), per descrive le modalit\u00e0 di trattamento dei tuoi dati personali, in qualit\u00e0 di utente che naviga all\u2019interno della piattaforma www.orizon.dev (\u201cPiattaforma\u201d) e dell\u2019applicazione mobile Orizon (\u201cApp\u201d) e usufruisce dei servizi in esse contenuti. Indice 1. Titolare del ... Leggi tutto","og_url":"https:\/\/www.orizon.pro\/it\/privacy-policy-2\/","og_site_name":"My WordPress","article_publisher":"https:\/\/www.facebook.com\/CartelloSrl\/","article_modified_time":"2025-10-21T12:37:15+00:00","twitter_card":"summary_large_image","twitter_misc":{"Tempo di lettura stimato":"8 minuti"},"schema":{"@context":"https:\/\/schema.org","@graph":[{"@type":"WebPage","@id":"https:\/\/www.orizon.pro\/it\/privacy-policy-2\/","url":"https:\/\/www.orizon.pro\/it\/privacy-policy-2\/","name":"Privacy Policy - My WordPress","isPartOf":{"@id":"https:\/\/www.orizon.pro\/it\/#website"},"datePublished":"2025-09-05T14:38:30+00:00","dateModified":"2025-10-21T12:37:15+00:00","breadcrumb":{"@id":"https:\/\/www.orizon.pro\/it\/privacy-policy-2\/#breadcrumb"},"inLanguage":"it-IT","potentialAction":[{"@type":"ReadAction","target":["https:\/\/www.orizon.pro\/it\/privacy-policy-2\/"]}]},{"@type":"BreadcrumbList","@id":"https:\/\/www.orizon.pro\/it\/privacy-policy-2\/#breadcrumb","itemListElement":[{"@type":"ListItem","position":1,"name":"Home","item":"https:\/\/www.orizon.pro\/it\/"},{"@type":"ListItem","position":2,"name":"Privacy Policy"}]},{"@type":"WebSite","@id":"https:\/\/www.orizon.pro\/it\/#website","url":"https:\/\/www.orizon.pro\/it\/","name":"Orizon","description":"","publisher":{"@id":"https:\/\/www.orizon.pro\/it\/#organization"},"potentialAction":[{"@type":"SearchAction","target":{"@type":"EntryPoint","urlTemplate":"https:\/\/www.orizon.pro\/it\/?s={search_term_string}"},"query-input":{"@type":"PropertyValueSpecification","valueRequired":true,"valueName":"search_term_string"}}],"inLanguage":"it-IT"},{"@type":"Organization","@id":"https:\/\/www.orizon.pro\/it\/#organization","name":"My WordPress","url":"https:\/\/www.orizon.pro\/it\/","logo":{"@type":"ImageObject","inLanguage":"it-IT","@id":"https:\/\/www.orizon.pro\/it\/#\/schema\/logo\/image\/","url":"https:\/\/www.orizon.pro\/wp-content\/uploads\/2025\/09\/logo.png","contentUrl":"https:\/\/www.orizon.pro\/wp-content\/uploads\/2025\/09\/logo.png","width":168,"height":41,"caption":"My WordPress"},"image":{"@id":"https:\/\/www.orizon.pro\/it\/#\/schema\/logo\/image\/"},"sameAs":["https:\/\/www.facebook.com\/CartelloSrl\/","https:\/\/www.instagram.com\/cartello_marine\/","https:\/\/www.youtube.com\/channel\/UCp_cS0v-NShhbjuhiVImv7g"]}]}},"_links":{"self":[{"href":"https:\/\/www.orizon.pro\/it\/wp-json\/wp\/v2\/pages\/1831","targetHints":{"allow":["GET"]}}],"collection":[{"href":"https:\/\/www.orizon.pro\/it\/wp-json\/wp\/v2\/pages"}],"about":[{"href":"https:\/\/www.orizon.pro\/it\/wp-json\/wp\/v2\/types\/page"}],"author":[{"embeddable":true,"href":"https:\/\/www.orizon.pro\/it\/wp-json\/wp\/v2\/users\/2"}],"replies":[{"embeddable":true,"href":"https:\/\/www.orizon.pro\/it\/wp-json\/wp\/v2\/comments?post=1831"}],"version-history":[{"count":4,"href":"https:\/\/www.orizon.pro\/it\/wp-json\/wp\/v2\/pages\/1831\/revisions"}],"predecessor-version":[{"id":1928,"href":"https:\/\/www.orizon.pro\/it\/wp-json\/wp\/v2\/pages\/1831\/revisions\/1928"}],"wp:attachment":[{"href":"https:\/\/www.orizon.pro\/it\/wp-json\/wp\/v2\/media?parent=1831"}],"curies":[{"name":"wp","href":"https:\/\/api.w.org\/{rel}","templated":true}]}}