{"id":1515,"date":"2025-10-08T17:22:27","date_gmt":"2025-10-08T17:22:27","guid":{"rendered":"https:\/\/www.orizon.pro\/our-brand\/"},"modified":"2025-11-03T13:08:29","modified_gmt":"2025-11-03T13:08:29","slug":"il-nostro-marchio","status":"publish","type":"page","link":"https:\/\/www.orizon.pro\/it\/il-nostro-marchio\/","title":{"rendered":"Il nostro marchio"},"content":{"rendered":"\n<div class=\"gb-element-517cbb18 has-sticky-bg\">\n<div class=\"gb-element-f88ceadd bg-holder\" style=\"--inline-bg-image: url(https:\/\/www.orizon.pro\/wp-content\/uploads\/2025\/10\/Frame-1-1.png)\"><\/div>\n\n\n\n<div class=\"gb-element-d3078ee5 content-wrapper\">\n<div class=\"gb-element-9e9bbe1f\">\n<div class=\"gb-element-b7992ab5\">\n<h1 class=\"gb-text gb-text-aafa323c\">Il nostro marchio<\/h1>\n\n\n\n<p class=\"gb-text gb-text-3ac476a8\">Mettiamo a disposizione tecnologie innovative per offrire un\u2019esperienza di navigazione sicura, efficiente e rispettosa dell\u2019ambiente.<\/p>\n<\/div>\n\n\n\n<div class=\"gb-element-829295a6\">\n<p class=\"gb-text gb-text-b113353b\">overview<\/p>\n\n\n\n<div class=\"gb-element-12ab1cdb\">\n<h2 class=\"gb-text gb-text-47c2538d\">Eccellenza ingegneristica radicata nella tradizione, al servizio di un futuro pi\u00f9 efficiente<\/h2>\n\n\n\n<p class=\"gb-text gb-text-e250695d\">Guidati dall\u2019innovazione e da uno spirito pionieristico, sviluppiamo costantemente nuove soluzioni e offriamo servizi next-gen ai nostri clienti.<\/p>\n<\/div>\n<\/div>\n<\/div>\n<\/div>\n<\/div>\n\n\n\n<div class=\"gb-element-1d97cf8d\">\n<div class=\"gb-element-6bdec0d0\">\n<div class=\"gb-element-a26e465a\" style=\"--inline-bg-image: url(https:\/\/www.orizon.pro\/wp-content\/uploads\/2025\/10\/our-story-cartello.jpg)\"><\/div>\n\n\n\n<div class=\"gb-element-feb03688\">\n<p class=\"gb-text gb-text-e5f97e51\">LA NOSTRA STORIA<\/p>\n\n\n\n<p class=\"gb-text gb-text-6b18d622\">Con una solida tradizione nel settore nautico, Cartello \u00e8 dal 1984 distributore esclusivo in Italia dei motori Yanmar e distributore nazionale dei fuoribordo Cox Diesel. Nel tempo abbiamo saputo evolverci costantemente, rafforzando la nostra presenza sul mercato e costruendo una reputazione riconosciuta per soluzioni intelligenti, eccellenza ed affidabilit\u00e0.<br><br>Innovazione e spirito pionieristico rappresentano il nostro DNA aziendale. Sono i valori che ci guidano nello sviluppo di soluzioni all\u2019avanguardia e nell\u2019erogazione di servizi di nuova generazione per i nostri clienti. Dopo aver consolidato una rete di assistenza solida e capillare, abbiamo intrapreso un percorso ancora pi\u00f9 ambizioso: dare vita a un servizio in grado di ridefinire il supporto post-vendita e la tecnologia in campo nautico nel suo insieme.<br>Da questa visione \u00e8 nato&nbsp; Orizon, voluto dal nostro Presidente Corrado Gaia e sviluppato interamente in-house sotto la guida del nostro Direttore Tecnico, Luca Musso. Un ecosistema digitale che integra oltre quarant\u2019anni di esperienza nei servizi con le tecnologie pi\u00f9 avanzate di telematica, sistemi di monitoraggio, diagnostica predittiva basata su intelligenza artificiale e IoT.<br><br>Oggi siamo specializzati nel monitoraggio remoto avanzato di motori e sistemi di bordo e in soluzioni di manutenzione predittiva. I nostri strumenti consentono una navigazione pi\u00f9 sicura e performante, garantendo efficienza, continuit\u00e0 operativa e rispetto per l\u2019ambiente.<br><\/p>\n\n\n\n<a class=\"gb-text-610e8aa7\" href=\"http:\/\/cartello.eu\" target=\"_blank\" rel=\"noopener\"><span class=\"gb-text\">cartello<\/span><span class=\"gb-shape\"><svg xmlns=\"https:\/\/www.w3.org\/2000\/svg\" width=\"11\" height=\"11\" viewBox=\"0 0 11 11\" fill=\"none\">\n<path d=\"M10.4499 0C10.7525 0 11 0.247539 11 0.550086V8.25129C11 8.55384 10.7525 8.80138 10.4499 8.80138C10.1474 8.80138 9.89983 8.55384 9.89983 8.25129V1.87717L0.936865 10.8401C0.723707 11.0533 0.373027 11.0533 0.159869 10.8401C-0.0532896 10.627 -0.0532896 10.2763 0.159869 10.0631L9.12283 1.10017H2.74871C2.44616 1.10017 2.19862 0.852633 2.19862 0.550086C2.19862 0.247539 2.44616 0 2.74871 0H10.4499Z\" fill=\"#000080\"><\/path>\n<\/svg><\/span><\/a>\n<\/div>\n<\/div>\n\n\n\n<div class=\"gb-element-714dd4cd\">\n<div class=\"gb-element-2542e959\">\n<figure class=\"wp-block-video\"><video height=\"1080\" style=\"aspect-ratio: 1920 \/ 1080;\" width=\"1920\" controls src=\"https:\/\/www.orizon.pro\/wp-content\/uploads\/2025\/11\/Video-Orizon-Cartello-Def-Ita-Web-light-1.mp4\"><\/video><\/figure>\n<\/div>\n\n\n\n<div class=\"gb-element-19a867fd\">\n<figure class=\"wp-block-video\"><video height=\"1080\" style=\"aspect-ratio: 1920 \/ 1080;\" width=\"1920\" controls src=\"https:\/\/www.orizon.pro\/wp-content\/uploads\/2025\/10\/Video-Orizon-Cartello-Def-En-1.mp4\"><\/video><\/figure>\n<\/div>\n<\/div>\n\n\n\n<div class=\"gb-element-09e31ea1\">\n<div class=\"gb-element-d250ddbb\" style=\"--inline-bg-image: url(https:\/\/www.orizon.pro\/wp-content\/uploads\/2025\/10\/mission-and-vision.webp)\"><\/div>\n\n\n\n<div class=\"gb-element-cfeeeb9c\">\n<p class=\"gb-text gb-text-634f1a97\">I NOSTRI VALORI<\/p>\n\n\n\n<p class=\"gb-text gb-text-23764dad\">Core Modules of the Orizon Ecosystem<\/p>\n\n\n\n<p class=\"gb-text gb-text-58287351\">Orizon is a connected technology ecosystem designed to bring intelligence, automation, and control to modern marine operations. Whether you&#8217;re managing a single vessel or an entire fleet, Orizon combines advanced hardware and cloud-based tools to deliver real-time insights, seamless connectivity, and proactive safety \u2014 all in one unified system.<\/p>\n\n\n\n    <div class=\"accordion-wrap\">\n            <div class=\"accordion-content open-acc\">\n\t\t\t            <h4>Innovazione<\/h4>\n\t\t\t<div class=\"accordion-texts\" >\n\t\t\t\t<p>Ci impegniamo a offrire tecnologie all\u2019avanguardia per l\u2019industria nautica, potenziando i sistemi di gestione predittiva e la connettivit\u00e0 di bordo. L\u2019innovazione \u00e8 al centro della nostra visione per una navigazione pi\u00f9 intelligente e avanzata.<\/p>\n\t\t\t<\/div>\n        <\/div>\n            <div class=\"accordion-content \">\n\t\t\t            <h4>Affidabilit\u00e0<\/h4>\n\t\t\t<div class=\"accordion-texts\" style=\"display: none;\">\n\t\t\t\t<p>Ci impegniamo a garantire standard elevati di qualit\u00e0 e sicurezza, offrendo soluzioni affidabili e durature che assicurano prestazioni costanti e serenit\u00e0 in ogni navigazione.<\/p>\n\t\t\t<\/div>\n        <\/div>\n            <div class=\"accordion-content \">\n\t\t\t            <h4>Sostenibilit\u00e0<\/h4>\n\t\t\t<div class=\"accordion-texts\" style=\"display: none;\">\n\t\t\t\t<p>Crediamo in una nautica responsabile. Le nostre soluzioni mirano a ridurre l\u2019impatto ambientale, migliorare l\u2019efficienza energetica e contribuire a un futuro pi\u00f9 sostenibile.<\/p>\n\t\t\t<\/div>\n        <\/div>\n            <div class=\"accordion-content \">\n\t\t\t            <h4>Eccellenza del servizio<\/h4>\n\t\t\t<div class=\"accordion-texts\" style=\"display: none;\">\n\t\t\t\t<p>Mettiamo al centro le esigenze dei nostri clienti, offrendo supporto tecnico qualificato e soluzioni su misura per assicurare un\u2019esperienza di navigazione sicura e senza pensieri.<\/p>\n\t\t\t<\/div>\n        <\/div>\n            <div class=\"accordion-content \">\n\t\t\t            <h4>Heritage<\/h4>\n\t\t\t<div class=\"accordion-texts\" style=\"display: none;\">\n\t\t\t\t<p>In quanto brand di Cartello, valorizziamo una solida eredit\u00e0 fatta di esperienza, dedizione e costanti investimenti in ricerca e sviluppo. La nostra tradizione marittima ispira l\u2019innovazione e continua a dare forma ai nostri valori.<\/p>\n\t\t\t<\/div>\n        <\/div>\n        <\/div>\n<\/div>\n<\/div>\n<\/div>\n\n\n\n<div class=\"gb-element-5958398a\">\n<div class=\"gb-element-baafe871\">\n<div class=\"gb-element-6b0b2af1\">\n<h2 class=\"gb-text gb-text-6cbfe62a\">Mission &amp; vision<\/h2>\n\n\n\n<p class=\"gb-text gb-text-6b85457c\">Ci impegniamo a definire lo standard per una gestione delle imbarcazioni intelligente e sostenibile, trasformando il modo in cui i motori e i sistemi di bordo vengono monitorati e mantenuti.<br><br>La nostra missione \u00e8 offrire soluzioni avanzate di monitoraggio remoto predittivo che garantiscono efficienza, sicurezza e sostenibilit\u00e0 in mare.<br><br>Combinando diagnostica intelligente, dati in tempo reale e tecnologie all\u2019avanguardia, aiutiamo armatori, operatori e cantieri navali a ottimizzare le prestazioni, ridurre i tempi di fermo e l\u2019impatto ambientale, e prolungare la vita dei componenti critici.<br><br>Attraverso un\u2019innovazione continua e investimenti costanti in ricerca e sviluppo, stiamo costruendo un ecosistema marino connesso, ad alte prestazioni e orientato a un futuro pi\u00f9 efficiente e responsabile.<\/p>\n<\/div>\n<\/div>\n<\/div>\n\n\n\n<div class=\"gb-element-db7f4780\">\n<div class=\"gb-element-ff11a8a1\">\n<div class=\"gb-element-4412e8d7\" style=\"--inline-bg-image: url(https:\/\/www.orizon.pro\/wp-content\/uploads\/2025\/10\/Frame-92.png)\">\n<p class=\"gb-text gb-text-afc51047\">FUNZIONI<\/p>\n\n\n\n<p class=\"gb-text gb-text-0a229200\">Strumenti intelligenti che garantiscono affidabilit\u00e0, prestazioni e sostenibilit\u00e0, con un&#8217;assistenza post-vendita automatizzata che assicura tranquillit\u00e0 a lungo termine.<\/p>\n\n\n\n<a class=\"gb-text-e7248a06\" href=\"https:\/\/www.orizon.pro\/it\/features\/\"><span class=\"gb-text\">ESPLORA TUTTE LE FUNZIONI<\/span><span class=\"gb-shape\"><svg xmlns=\"https:\/\/www.w3.org\/2000\/svg\" width=\"11\" height=\"11\" viewBox=\"0 0 11 11\" fill=\"none\">\n<path d=\"M10.4499 0C10.7525 0 11 0.247539 11 0.550086V8.25129C11 8.55384 10.7525 8.80138 10.4499 8.80138C10.1474 8.80138 9.89983 8.55384 9.89983 8.25129V1.87717L0.936865 10.8401C0.723707 11.0533 0.373027 11.0533 0.159869 10.8401C-0.0532896 10.627 -0.0532896 10.2763 0.159869 10.0631L9.12283 1.10017H2.74871C2.44616 1.10017 2.19862 0.852633 2.19862 0.550086C2.19862 0.247539 2.44616 0 2.74871 0H10.4499Z\" fill=\"white\"><\/path>\n<\/svg><\/span><\/a>\n<\/div>\n\n\n\n<div class=\"gb-element-08f6d9b5 video-section box-video-bg\" style=\"--inline-bg-image: url(https:\/\/www.orizon.pro\/wp-content\/uploads\/2025\/10\/orizon-customer-service-1-2.mp4)\">\n<video autoplay=\"\" muted=\"\" loop=\"\" playsinline=\"\" class=\"gb-video-bg for-desktop\">\n  <source src=\"\/wp-content\/uploads\/2025\/10\/orizon-customer-service-2.mp4\" type=\"video\/mp4\">\n<\/source><\/video>\n<video autoplay=\"\" muted=\"\" loop=\"\" playsinline=\"\" class=\"gb-video-bg for-mobile\">\n  <source src=\"\/wp-content\/uploads\/2025\/10\/orizon-customer-service-2.mp4\" type=\"video\/mp4\">\n<\/source><\/video>\n\n\n\n<p class=\"gb-text gb-text-27eb1a69\">Contattaci<\/p>\n\n\n\n<p class=\"gb-text gb-text-1efe9f72\">Hai domande? Non esitare a contattarci.<\/p>\n\n\n\n<a class=\"gb-text-4260d3f9\" href=\"https:\/\/www.orizon.pro\/it\/contatti\/\"><span class=\"gb-text\">RICHIEDI LA DEMO<\/span><span class=\"gb-shape\"><svg xmlns=\"https:\/\/www.w3.org\/2000\/svg\" width=\"11\" height=\"11\" viewBox=\"0 0 11 11\" fill=\"none\">\n<path d=\"M10.4499 0C10.7525 0 11 0.247539 11 0.550086V8.25129C11 8.55384 10.7525 8.80138 10.4499 8.80138C10.1474 8.80138 9.89983 8.55384 9.89983 8.25129V1.87717L0.936865 10.8401C0.723707 11.0533 0.373027 11.0533 0.159869 10.8401C-0.0532896 10.627 -0.0532896 10.2763 0.159869 10.0631L9.12283 1.10017H2.74871C2.44616 1.10017 2.19862 0.852633 2.19862 0.550086C2.19862 0.247539 2.44616 0 2.74871 0H10.4499Z\" fill=\"white\"><\/path>\n<\/svg><\/span><\/a>\n<\/div>\n<\/div>\n<\/div>\n","protected":false},"excerpt":{"rendered":"<p>Il nostro marchio Mettiamo a disposizione tecnologie innovative per offrire un\u2019esperienza di navigazione sicura, efficiente e rispettosa dell\u2019ambiente. overview Eccellenza ingegneristica radicata nella tradizione, al servizio di un futuro pi\u00f9 efficiente Guidati dall\u2019innovazione e da uno spirito pionieristico, sviluppiamo costantemente nuove soluzioni e offriamo servizi next-gen ai nostri clienti. LA NOSTRA STORIA Con una solida &#8230; <a title=\"Il nostro marchio\" class=\"read-more\" href=\"https:\/\/www.orizon.pro\/it\/il-nostro-marchio\/\" aria-label=\"Per saperne di pi\u00f9 su Il nostro marchio\">Leggi tutto<\/a><\/p>\n","protected":false},"author":2,"featured_media":0,"parent":0,"menu_order":0,"comment_status":"closed","ping_status":"closed","template":"","meta":{"_acf_changed":false,"inline_featured_image":false,"footnotes":""},"class_list":["post-1515","page","type-page","status-publish"],"acf":[],"yoast_head":"<!-- This site is optimized with the Yoast SEO plugin v27.3 - https:\/\/yoast.com\/product\/yoast-seo-wordpress\/ -->\n<title>Innovazione Nautica by Cartello | Orizon<\/title>\n<meta name=\"description\" content=\"Orizon \u00e8 il brand di Cartello che rivoluziona il settore nautico con diagnostica predittiva, connettivit\u00e0 globale e soluzioni smart per imbarcazioni.\" \/>\n<meta name=\"robots\" content=\"index, follow, max-snippet:-1, max-image-preview:large, max-video-preview:-1\" \/>\n<link rel=\"canonical\" href=\"https:\/\/www.orizon.pro\/it\/il-nostro-marchio\/\" \/>\n<meta property=\"og:locale\" content=\"it_IT\" \/>\n<meta property=\"og:type\" content=\"article\" \/>\n<meta property=\"og:title\" content=\"Innovazione Nautica by Cartello | Orizon\" \/>\n<meta property=\"og:description\" content=\"Orizon \u00e8 il brand di Cartello che rivoluziona il settore nautico con diagnostica predittiva, connettivit\u00e0 globale e soluzioni smart per imbarcazioni.\" \/>\n<meta property=\"og:url\" content=\"https:\/\/www.orizon.pro\/it\/il-nostro-marchio\/\" \/>\n<meta property=\"og:site_name\" content=\"My WordPress\" \/>\n<meta property=\"article:publisher\" content=\"https:\/\/www.facebook.com\/CartelloSrl\/\" \/>\n<meta property=\"article:modified_time\" content=\"2025-11-03T13:08:29+00:00\" \/>\n<meta name=\"twitter:card\" content=\"summary_large_image\" \/>\n<meta name=\"twitter:label1\" content=\"Tempo di lettura stimato\" \/>\n\t<meta name=\"twitter:data1\" content=\"3 minuti\" \/>\n<script type=\"application\/ld+json\" class=\"yoast-schema-graph\">{\"@context\":\"https:\\\/\\\/schema.org\",\"@graph\":[{\"@type\":\"WebPage\",\"@id\":\"https:\\\/\\\/www.orizon.pro\\\/it\\\/il-nostro-marchio\\\/\",\"url\":\"https:\\\/\\\/www.orizon.pro\\\/it\\\/il-nostro-marchio\\\/\",\"name\":\"Innovazione Nautica by Cartello | Orizon\",\"isPartOf\":{\"@id\":\"https:\\\/\\\/www.orizon.pro\\\/it\\\/#website\"},\"datePublished\":\"2025-10-08T17:22:27+00:00\",\"dateModified\":\"2025-11-03T13:08:29+00:00\",\"description\":\"Orizon \u00e8 il brand di Cartello che rivoluziona il settore nautico con diagnostica predittiva, connettivit\u00e0 globale e soluzioni smart per imbarcazioni.\",\"breadcrumb\":{\"@id\":\"https:\\\/\\\/www.orizon.pro\\\/it\\\/il-nostro-marchio\\\/#breadcrumb\"},\"inLanguage\":\"it-IT\",\"potentialAction\":[{\"@type\":\"ReadAction\",\"target\":[\"https:\\\/\\\/www.orizon.pro\\\/it\\\/il-nostro-marchio\\\/\"]}]},{\"@type\":\"BreadcrumbList\",\"@id\":\"https:\\\/\\\/www.orizon.pro\\\/it\\\/il-nostro-marchio\\\/#breadcrumb\",\"itemListElement\":[{\"@type\":\"ListItem\",\"position\":1,\"name\":\"Home\",\"item\":\"https:\\\/\\\/www.orizon.pro\\\/it\\\/\"},{\"@type\":\"ListItem\",\"position\":2,\"name\":\"Il nostro marchio\"}]},{\"@type\":\"WebSite\",\"@id\":\"https:\\\/\\\/www.orizon.pro\\\/it\\\/#website\",\"url\":\"https:\\\/\\\/www.orizon.pro\\\/it\\\/\",\"name\":\"Orizon\",\"description\":\"\",\"publisher\":{\"@id\":\"https:\\\/\\\/www.orizon.pro\\\/it\\\/#organization\"},\"potentialAction\":[{\"@type\":\"SearchAction\",\"target\":{\"@type\":\"EntryPoint\",\"urlTemplate\":\"https:\\\/\\\/www.orizon.pro\\\/it\\\/?s={search_term_string}\"},\"query-input\":{\"@type\":\"PropertyValueSpecification\",\"valueRequired\":true,\"valueName\":\"search_term_string\"}}],\"inLanguage\":\"it-IT\"},{\"@type\":\"Organization\",\"@id\":\"https:\\\/\\\/www.orizon.pro\\\/it\\\/#organization\",\"name\":\"My WordPress\",\"url\":\"https:\\\/\\\/www.orizon.pro\\\/it\\\/\",\"logo\":{\"@type\":\"ImageObject\",\"inLanguage\":\"it-IT\",\"@id\":\"https:\\\/\\\/www.orizon.pro\\\/it\\\/#\\\/schema\\\/logo\\\/image\\\/\",\"url\":\"https:\\\/\\\/www.orizon.pro\\\/wp-content\\\/uploads\\\/2025\\\/09\\\/logo.png\",\"contentUrl\":\"https:\\\/\\\/www.orizon.pro\\\/wp-content\\\/uploads\\\/2025\\\/09\\\/logo.png\",\"width\":168,\"height\":41,\"caption\":\"My WordPress\"},\"image\":{\"@id\":\"https:\\\/\\\/www.orizon.pro\\\/it\\\/#\\\/schema\\\/logo\\\/image\\\/\"},\"sameAs\":[\"https:\\\/\\\/www.facebook.com\\\/CartelloSrl\\\/\",\"https:\\\/\\\/www.instagram.com\\\/cartello_marine\\\/\",\"https:\\\/\\\/www.youtube.com\\\/channel\\\/UCp_cS0v-NShhbjuhiVImv7g\"]}]}<\/script>\n<!-- \/ Yoast SEO plugin. -->","yoast_head_json":{"title":"Innovazione Nautica by Cartello | Orizon","description":"Orizon \u00e8 il brand di Cartello che rivoluziona il settore nautico con diagnostica predittiva, connettivit\u00e0 globale e soluzioni smart per imbarcazioni.","robots":{"index":"index","follow":"follow","max-snippet":"max-snippet:-1","max-image-preview":"max-image-preview:large","max-video-preview":"max-video-preview:-1"},"canonical":"https:\/\/www.orizon.pro\/it\/il-nostro-marchio\/","og_locale":"it_IT","og_type":"article","og_title":"Innovazione Nautica by Cartello | Orizon","og_description":"Orizon \u00e8 il brand di Cartello che rivoluziona il settore nautico con diagnostica predittiva, connettivit\u00e0 globale e soluzioni smart per imbarcazioni.","og_url":"https:\/\/www.orizon.pro\/it\/il-nostro-marchio\/","og_site_name":"My WordPress","article_publisher":"https:\/\/www.facebook.com\/CartelloSrl\/","article_modified_time":"2025-11-03T13:08:29+00:00","twitter_card":"summary_large_image","twitter_misc":{"Tempo di lettura stimato":"3 minuti"},"schema":{"@context":"https:\/\/schema.org","@graph":[{"@type":"WebPage","@id":"https:\/\/www.orizon.pro\/it\/il-nostro-marchio\/","url":"https:\/\/www.orizon.pro\/it\/il-nostro-marchio\/","name":"Innovazione Nautica by Cartello | Orizon","isPartOf":{"@id":"https:\/\/www.orizon.pro\/it\/#website"},"datePublished":"2025-10-08T17:22:27+00:00","dateModified":"2025-11-03T13:08:29+00:00","description":"Orizon \u00e8 il brand di Cartello che rivoluziona il settore nautico con diagnostica predittiva, connettivit\u00e0 globale e soluzioni smart per imbarcazioni.","breadcrumb":{"@id":"https:\/\/www.orizon.pro\/it\/il-nostro-marchio\/#breadcrumb"},"inLanguage":"it-IT","potentialAction":[{"@type":"ReadAction","target":["https:\/\/www.orizon.pro\/it\/il-nostro-marchio\/"]}]},{"@type":"BreadcrumbList","@id":"https:\/\/www.orizon.pro\/it\/il-nostro-marchio\/#breadcrumb","itemListElement":[{"@type":"ListItem","position":1,"name":"Home","item":"https:\/\/www.orizon.pro\/it\/"},{"@type":"ListItem","position":2,"name":"Il nostro marchio"}]},{"@type":"WebSite","@id":"https:\/\/www.orizon.pro\/it\/#website","url":"https:\/\/www.orizon.pro\/it\/","name":"Orizon","description":"","publisher":{"@id":"https:\/\/www.orizon.pro\/it\/#organization"},"potentialAction":[{"@type":"SearchAction","target":{"@type":"EntryPoint","urlTemplate":"https:\/\/www.orizon.pro\/it\/?s={search_term_string}"},"query-input":{"@type":"PropertyValueSpecification","valueRequired":true,"valueName":"search_term_string"}}],"inLanguage":"it-IT"},{"@type":"Organization","@id":"https:\/\/www.orizon.pro\/it\/#organization","name":"My WordPress","url":"https:\/\/www.orizon.pro\/it\/","logo":{"@type":"ImageObject","inLanguage":"it-IT","@id":"https:\/\/www.orizon.pro\/it\/#\/schema\/logo\/image\/","url":"https:\/\/www.orizon.pro\/wp-content\/uploads\/2025\/09\/logo.png","contentUrl":"https:\/\/www.orizon.pro\/wp-content\/uploads\/2025\/09\/logo.png","width":168,"height":41,"caption":"My WordPress"},"image":{"@id":"https:\/\/www.orizon.pro\/it\/#\/schema\/logo\/image\/"},"sameAs":["https:\/\/www.facebook.com\/CartelloSrl\/","https:\/\/www.instagram.com\/cartello_marine\/","https:\/\/www.youtube.com\/channel\/UCp_cS0v-NShhbjuhiVImv7g"]}]}},"_links":{"self":[{"href":"https:\/\/www.orizon.pro\/it\/wp-json\/wp\/v2\/pages\/1515","targetHints":{"allow":["GET"]}}],"collection":[{"href":"https:\/\/www.orizon.pro\/it\/wp-json\/wp\/v2\/pages"}],"about":[{"href":"https:\/\/www.orizon.pro\/it\/wp-json\/wp\/v2\/types\/page"}],"author":[{"embeddable":true,"href":"https:\/\/www.orizon.pro\/it\/wp-json\/wp\/v2\/users\/2"}],"replies":[{"embeddable":true,"href":"https:\/\/www.orizon.pro\/it\/wp-json\/wp\/v2\/comments?post=1515"}],"version-history":[{"count":32,"href":"https:\/\/www.orizon.pro\/it\/wp-json\/wp\/v2\/pages\/1515\/revisions"}],"predecessor-version":[{"id":2061,"href":"https:\/\/www.orizon.pro\/it\/wp-json\/wp\/v2\/pages\/1515\/revisions\/2061"}],"wp:attachment":[{"href":"https:\/\/www.orizon.pro\/it\/wp-json\/wp\/v2\/media?parent=1515"}],"curies":[{"name":"wp","href":"https:\/\/api.w.org\/{rel}","templated":true}]}}