{"id":1511,"date":"2025-10-09T12:15:33","date_gmt":"2025-10-09T12:15:33","guid":{"rendered":"https:\/\/www.orizon.pro\/hardware\/"},"modified":"2025-11-03T09:22:18","modified_gmt":"2025-11-03T09:22:18","slug":"hardware","status":"publish","type":"page","link":"https:\/\/www.orizon.pro\/it\/hardware\/","title":{"rendered":"Hardware"},"content":{"rendered":"\n<div class=\"gb-element-517cbb18 has-sticky-bg\">\n<div class=\"gb-element-f88ceadd bg-holder\" style=\"--inline-bg-image: url(https:\/\/www.orizon.pro\/wp-content\/uploads\/2025\/10\/Frame-1-1.png)\"><\/div>\n\n\n\n<div class=\"gb-element-d3078ee5 content-wrapper\">\n<div class=\"gb-element-9e9bbe1f\">\n<div class=\"gb-element-5bd51352\">\n<p class=\"gb-text gb-text-aafa323c\">Hardware<\/p>\n\n\n\n<p class=\"gb-text gb-text-3ac476a8\">Tecnologia intelligente al cuore della tua imbarcazione<\/p>\n\n\n\n<a class=\"gb-text-2724f32c book-a-demo-btn\" href=\"https:\/\/www.orizon.pro\/it\/contatti\/\"><span class=\"gb-text\">Richiedi la demo<\/span><span class=\"gb-shape\"><svg xmlns=\"https:\/\/www.w3.org\/2000\/svg\" width=\"11\" height=\"11\" viewBox=\"0 0 11 11\" fill=\"none\">\n<path d=\"M10.4499 0C10.7525 0 11 0.247539 11 0.550086V8.25129C11 8.55384 10.7525 8.80138 10.4499 8.80138C10.1474 8.80138 9.89983 8.55384 9.89983 8.25129V1.87717L0.936865 10.8401C0.723707 11.0533 0.373027 11.0533 0.159869 10.8401C-0.0532896 10.627 -0.0532896 10.2763 0.159869 10.0631L9.12283 1.10017H2.74871C2.44616 1.10017 2.19862 0.852633 2.19862 0.550086C2.19862 0.247539 2.44616 0 2.74871 0H10.4499Z\" fill=\"#4AFFB2\"><\/path>\n<\/svg><\/span><\/a>\n<\/div>\n\n\n\n<div class=\"gb-element-829295a6\">\n<p class=\"gb-text gb-text-b113353b\">overview<\/p>\n\n\n\n<div class=\"gb-element-12ab1cdb\">\n<h1 class=\"gb-text gb-text-47c2538d\">Orizon non \u00e8 solamente un dispositivo IoT: \u00e8 una piattaforma operativa avanzata per la gestione integrata dell imbracazioni e delle flotte.<\/h1>\n\n\n\n<p class=\"gb-text gb-text-e250695d\">Esplora l\u2019architettura hardware che costituisce il sistema Orizon.<\/p>\n<\/div>\n<\/div>\n<\/div>\n<\/div>\n<\/div>\n\n\n\n<div class=\"gb-element-3c112a4b\">\n<div class=\"gb-element-6fce59d4\">\n<div class=\"gb-element-69c5181d\" style=\"--inline-bg-image: url(https:\/\/www.orizon.pro\/wp-content\/uploads\/2025\/10\/system-core-modules.webp)\"><\/div>\n\n\n\n<div class=\"gb-element-0d081422\">\n<p class=\"gb-text gb-text-19721545\">Hardware<\/p>\n\n\n\n<h2 class=\"gb-text gb-text-41f1ff39\">Moduli principali dell\u2019ecosistema Orizon<\/h2>\n\n\n\n<p class=\"gb-text gb-text-6198990a\">Orizon \u00e8 un ecosistema tecnologico integrato, sviluppato per introdurre intelligenza, automazione e controllo nelle operazioni marine moderne. Che si tratti di una singola imbarcazione o di un\u2019intera flotta, Orizon unisce hardware avanzato e soluzioni cloud per garantire dati in tempo reale, connettivit\u00e0 costante e sicurezza proattiva, in un sistema unico e completo.<\/p>\n\n\n\n    <div class=\"accordion-wrap\">\n            <div class=\"accordion-content open-acc\">\n\t\t\t            <h4>Drive Sense<\/h4>\n\t\t\t<div class=\"accordion-texts\" >\n\t\t\t\t<p>Un\u2019unit\u00e0 certificata IP67, in grado di acquisire i dati del motore, gli ingressi analogici dell\u2019imbarcazione e i segnali NMEA 2000 e NMEA 0183. Integra una piattaforma inerziale e memoria flash per garantire affidabilit\u00e0 e continuit\u00e0 operativa.<\/p>\n\t\t\t<\/div>\n        <\/div>\n            <div class=\"accordion-content \">\n\t\t\t            <h4>Connect Hub<\/h4>\n\t\t\t<div class=\"accordion-texts\" style=\"display: none;\">\n\t\t\t\t<p>Il Connect Hub opera come interfaccia tra Drive Sense, i motori e gli ingressi analogici di bordo, semplificando e ottimizzando il processo di installazione del Drive Sense.<\/p>\n\t\t\t<\/div>\n        <\/div>\n            <div class=\"accordion-content \">\n\t\t\t            <h4>Datasky<\/h4>\n\t\t\t<div class=\"accordion-texts\" style=\"display: none;\">\n\t\t\t\t<p>Comunicazione globale e continua. Grazie all\u2019integrazione con 4G, satellite e GPS, Datasky garantisce il flusso costante dei dati \u2014 anche in condizioni remote o critiche.<\/p>\n\t\t\t<\/div>\n        <\/div>\n            <div class=\"accordion-content \">\n\t\t\t            <h4>I\/O Architecture<\/h4>\n\t\t\t<div class=\"accordion-texts\" style=\"display: none;\">\n\t\t\t\t<p>Canali di ingresso<\/p>\n<ul>\n<li>2x CAN Bus (J1939) (4 con doppio modulo Drive Sense)<\/li>\n<li>1x NMEA 2000<\/li>\n<li>1x NMEA 0183<\/li>\n<li>2x Ingressi di tensione (4 con doppio modulo)<\/li>\n<li>2x Ingressi digitali (On\/Off) (5 con doppio modulo)<\/li>\n<li>2x Ingressi stato marcia (4 con doppio modulo)<\/li>\n<li>Piattaforma inerziale integrata<\/li>\n<li>Supporto termocoppia tipo K per la temperatura dei gas di scarico<\/li>\n<\/ul>\n<p>Canali di uscita<\/p>\n<ul>\n<li>2x uscite On\/Off controllabili da remoto (5 con doppio modulo)<\/li>\n<li>Indicatore di stato per funzione antifurto<\/li>\n<li>LED diagnostico per feedback in tempo reale sulla salute del sistema<\/li>\n<\/ul>\n\t\t\t<\/div>\n        <\/div>\n        <\/div>\n<\/div>\n<\/div>\n<\/div>\n\n\n\n<div class=\"gb-element-7f727587\">\n<div class=\"gb-element-79a92af6\">\n<p class=\"gb-text gb-text-1c5088e3\">IL kit<\/p>\n\n\n\n<div class=\"gb-element-499b24b4\">\n<div class=\"gb-element-09bfb2c8\">\n<img loading=\"lazy\" decoding=\"async\" width=\"800\" height=\"734\" class=\"gb-media-9f0f145d\" alt=\"\" src=\"https:\/\/www.orizon.pro\/wp-content\/uploads\/2025\/10\/kit1-orizon-drive-sense-1.png\" title=\"kit1 - orizon drive sense\" srcset=\"https:\/\/www.orizon.pro\/wp-content\/uploads\/2025\/10\/kit1-orizon-drive-sense-1.png 800w, https:\/\/www.orizon.pro\/wp-content\/uploads\/2025\/10\/kit1-orizon-drive-sense-1-300x275.png 300w, https:\/\/www.orizon.pro\/wp-content\/uploads\/2025\/10\/kit1-orizon-drive-sense-1-768x705.png 768w\" sizes=\"auto, (max-width: 800px) 100vw, 800px\" \/>\n\n\n\n<h3 class=\"gb-text gb-text-511c7330\">Orizon drive sense<\/h3>\n\n\n\n<p class=\"gb-text\">Interfaccia avanzata per il monitoraggio del motore e dei sistemi di bordo.Gateway CAN + memoria flash per l\u2019acquisizione e l\u2019archiviazione locale dei dati. Piattaforma inerziale e sensori avanzati per un monitoraggio preciso dei movimenti dell\u2019imbarcazione. Come optional \u00e8 possibile aggiungere il kit MONITORAGGIO TEMPERATURA GAS DI SCARICO per una diagnostica avanzata e pi\u00f9 accurata.<\/p>\n<\/div>\n\n\n\n<div class=\"gb-element-b240f8cc\">\n<img loading=\"lazy\" decoding=\"async\" width=\"800\" height=\"734\" class=\"gb-media-32793ae0\" alt=\"\" src=\"https:\/\/www.orizon.pro\/wp-content\/uploads\/2025\/10\/kit2-orizon-connect-hub.png\" title=\"kit2 - orizon connect hub\" srcset=\"https:\/\/www.orizon.pro\/wp-content\/uploads\/2025\/10\/kit2-orizon-connect-hub.png 800w, https:\/\/www.orizon.pro\/wp-content\/uploads\/2025\/10\/kit2-orizon-connect-hub-300x275.png 300w, https:\/\/www.orizon.pro\/wp-content\/uploads\/2025\/10\/kit2-orizon-connect-hub-768x705.png 768w\" sizes=\"auto, (max-width: 800px) 100vw, 800px\" \/>\n\n\n\n<h3 class=\"gb-text gb-text-3035e32f\">Orizon Connect Hub<\/h3>\n\n\n\n<p class=\"gb-text\">Semplifica l\u2019installazione del sistema Orizon raggruppando tutte le connessioni in un contenitore compatto.<br>Integra inoltre le linee di alimentazione per Drive Sense e Datasky, con due microinterruttori dedicati e una serie di LED per un monitoraggio immediato degli I\/O gestiti.<\/p>\n<\/div>\n\n\n\n<div class=\"gb-element-2f8da9d7\">\n<img loading=\"lazy\" decoding=\"async\" width=\"800\" height=\"734\" class=\"gb-media-88c0d026\" alt=\"\" src=\"https:\/\/www.orizon.pro\/wp-content\/uploads\/2025\/10\/kit3-orizon-datasky.png\" title=\"kit3 - orizon datasky\" srcset=\"https:\/\/www.orizon.pro\/wp-content\/uploads\/2025\/10\/kit3-orizon-datasky.png 800w, https:\/\/www.orizon.pro\/wp-content\/uploads\/2025\/10\/kit3-orizon-datasky-300x275.png 300w, https:\/\/www.orizon.pro\/wp-content\/uploads\/2025\/10\/kit3-orizon-datasky-768x705.png 768w\" sizes=\"auto, (max-width: 800px) 100vw, 800px\" \/>\n\n\n\n<h3 class=\"gb-text gb-text-706b0e24\">Orizon DataSky<\/h3>\n\n\n\n<p class=\"gb-text\">Modem GPRS 4G &amp; satellitare per connettivit\u00e0 ininterrotta. GPS integrato + batteria di backup a lunga durata per garantire operativit\u00e0 continua, anche in condizioni critiche.<br>Sistema antifurto stand-alone con protezione attiva. Custodia certificata IP68 per resistere alle condizioni marine pi\u00f9 estreme.<\/p>\n<\/div>\n<\/div>\n<\/div>\n<\/div>\n\n\n\n<div class=\"gb-element-db7f4780\">\n<div class=\"gb-element-ff11a8a1\">\n<div class=\"gb-element-4412e8d7\" style=\"--inline-bg-image: url(https:\/\/www.orizon.pro\/wp-content\/uploads\/2025\/10\/Frame-92.png)\">\n<p class=\"gb-text gb-text-afc51047\">FUNZIONI<\/p>\n\n\n\n<p class=\"gb-text gb-text-0a229200\">Strumenti intelligenti che garantiscono affidabilit\u00e0, prestazioni e sostenibilit\u00e0, con un&#8217;assistenza post-vendita automatizzata che assicura tranquillit\u00e0 a lungo termine.<\/p>\n\n\n\n<a class=\"gb-text-e7248a06\" href=\"https:\/\/www.orizon.pro\/it\/features\/\"><span class=\"gb-text\">ESPLORA TUTTE LE FUNZIONI<\/span><span class=\"gb-shape\"><svg xmlns=\"https:\/\/www.w3.org\/2000\/svg\" width=\"11\" height=\"11\" viewBox=\"0 0 11 11\" fill=\"none\">\n<path d=\"M10.4499 0C10.7525 0 11 0.247539 11 0.550086V8.25129C11 8.55384 10.7525 8.80138 10.4499 8.80138C10.1474 8.80138 9.89983 8.55384 9.89983 8.25129V1.87717L0.936865 10.8401C0.723707 11.0533 0.373027 11.0533 0.159869 10.8401C-0.0532896 10.627 -0.0532896 10.2763 0.159869 10.0631L9.12283 1.10017H2.74871C2.44616 1.10017 2.19862 0.852633 2.19862 0.550086C2.19862 0.247539 2.44616 0 2.74871 0H10.4499Z\" fill=\"white\"><\/path>\n<\/svg><\/span><\/a>\n<\/div>\n\n\n\n<div class=\"gb-element-08f6d9b5 video-section box-video-bg\" style=\"--inline-bg-image: url(https:\/\/www.orizon.pro\/wp-content\/uploads\/2025\/10\/orizon-customer-service-1-2.mp4)\">\n<video autoplay=\"\" muted=\"\" loop=\"\" playsinline=\"\" class=\"gb-video-bg for-desktop\">\n  <source src=\"\/wp-content\/uploads\/2025\/10\/orizon-customer-service-2.mp4\" type=\"video\/mp4\">\n<\/source><\/video>\n<video autoplay=\"\" muted=\"\" loop=\"\" playsinline=\"\" class=\"gb-video-bg for-mobile\">\n  <source src=\"\/wp-content\/uploads\/2025\/10\/orizon-customer-service-2.mp4\" type=\"video\/mp4\">\n<\/source><\/video>\n\n\n\n<p class=\"gb-text gb-text-27eb1a69\">Contattaci<\/p>\n\n\n\n<p class=\"gb-text gb-text-1efe9f72\">Hai domande? Non esitare a contattarci.<\/p>\n\n\n\n<a class=\"gb-text-4260d3f9\" href=\"https:\/\/www.orizon.pro\/it\/contatti\/\"><span class=\"gb-text\">RICHIEDI LA DEMO<\/span><span class=\"gb-shape\"><svg xmlns=\"https:\/\/www.w3.org\/2000\/svg\" width=\"11\" height=\"11\" viewBox=\"0 0 11 11\" fill=\"none\">\n<path d=\"M10.4499 0C10.7525 0 11 0.247539 11 0.550086V8.25129C11 8.55384 10.7525 8.80138 10.4499 8.80138C10.1474 8.80138 9.89983 8.55384 9.89983 8.25129V1.87717L0.936865 10.8401C0.723707 11.0533 0.373027 11.0533 0.159869 10.8401C-0.0532896 10.627 -0.0532896 10.2763 0.159869 10.0631L9.12283 1.10017H2.74871C2.44616 1.10017 2.19862 0.852633 2.19862 0.550086C2.19862 0.247539 2.44616 0 2.74871 0H10.4499Z\" fill=\"white\"><\/path>\n<\/svg><\/span><\/a>\n<\/div>\n<\/div>\n<\/div>\n","protected":false},"excerpt":{"rendered":"<p>Hardware Tecnologia intelligente al cuore della tua imbarcazione Richiedi la demo overview Orizon non \u00e8 solamente un dispositivo IoT: \u00e8 una piattaforma operativa avanzata per la gestione integrata dell imbracazioni e delle flotte. Esplora l\u2019architettura hardware che costituisce il sistema Orizon. Hardware Moduli principali dell\u2019ecosistema Orizon Orizon \u00e8 un ecosistema tecnologico integrato, sviluppato per introdurre &#8230; <a title=\"Hardware\" class=\"read-more\" href=\"https:\/\/www.orizon.pro\/it\/hardware\/\" aria-label=\"Per saperne di pi\u00f9 su Hardware\">Leggi tutto<\/a><\/p>\n","protected":false},"author":2,"featured_media":0,"parent":0,"menu_order":0,"comment_status":"closed","ping_status":"closed","template":"","meta":{"_acf_changed":false,"inline_featured_image":false,"footnotes":""},"class_list":["post-1511","page","type-page","status-publish"],"acf":[],"yoast_head":"<!-- This site is optimized with the Yoast SEO plugin v27.3 - https:\/\/yoast.com\/product\/yoast-seo-wordpress\/ -->\n<title>Hardware Nautico per Monitoraggio Intelligente | Orizon<\/title>\n<meta name=\"description\" content=\"Scopri l\u2019hardware Orizon: sensori avanzati, antenne meteo, GPS e sistemi compatibili multi-brand per il controllo completo della tua imbarcazione.\" \/>\n<meta name=\"robots\" content=\"index, follow, max-snippet:-1, max-image-preview:large, max-video-preview:-1\" \/>\n<link rel=\"canonical\" href=\"https:\/\/www.orizon.pro\/it\/hardware\/\" \/>\n<meta property=\"og:locale\" content=\"it_IT\" \/>\n<meta property=\"og:type\" content=\"article\" \/>\n<meta property=\"og:title\" content=\"Hardware Nautico per Monitoraggio Intelligente | Orizon\" \/>\n<meta property=\"og:description\" content=\"Scopri l\u2019hardware Orizon: sensori avanzati, antenne meteo, GPS e sistemi compatibili multi-brand per il controllo completo della tua imbarcazione.\" \/>\n<meta property=\"og:url\" content=\"https:\/\/www.orizon.pro\/it\/hardware\/\" \/>\n<meta property=\"og:site_name\" content=\"My WordPress\" \/>\n<meta property=\"article:publisher\" content=\"https:\/\/www.facebook.com\/CartelloSrl\/\" \/>\n<meta property=\"article:modified_time\" content=\"2025-11-03T09:22:18+00:00\" \/>\n<meta property=\"og:image\" content=\"https:\/\/www.orizon.pro\/wp-content\/uploads\/2025\/10\/kit1-orizon-drive-sense-1.png\" \/>\n<meta name=\"twitter:card\" content=\"summary_large_image\" \/>\n<meta name=\"twitter:label1\" content=\"Tempo di lettura stimato\" \/>\n\t<meta name=\"twitter:data1\" content=\"2 minuti\" \/>\n<script type=\"application\/ld+json\" class=\"yoast-schema-graph\">{\"@context\":\"https:\\\/\\\/schema.org\",\"@graph\":[{\"@type\":\"WebPage\",\"@id\":\"https:\\\/\\\/www.orizon.pro\\\/it\\\/hardware\\\/\",\"url\":\"https:\\\/\\\/www.orizon.pro\\\/it\\\/hardware\\\/\",\"name\":\"Hardware Nautico per Monitoraggio Intelligente | Orizon\",\"isPartOf\":{\"@id\":\"https:\\\/\\\/www.orizon.pro\\\/it\\\/#website\"},\"primaryImageOfPage\":{\"@id\":\"https:\\\/\\\/www.orizon.pro\\\/it\\\/hardware\\\/#primaryimage\"},\"image\":{\"@id\":\"https:\\\/\\\/www.orizon.pro\\\/it\\\/hardware\\\/#primaryimage\"},\"thumbnailUrl\":\"https:\\\/\\\/www.orizon.pro\\\/wp-content\\\/uploads\\\/2025\\\/10\\\/kit1-orizon-drive-sense-1.png\",\"datePublished\":\"2025-10-09T12:15:33+00:00\",\"dateModified\":\"2025-11-03T09:22:18+00:00\",\"description\":\"Scopri l\u2019hardware Orizon: sensori avanzati, antenne meteo, GPS e sistemi compatibili multi-brand per il controllo completo della tua imbarcazione.\",\"breadcrumb\":{\"@id\":\"https:\\\/\\\/www.orizon.pro\\\/it\\\/hardware\\\/#breadcrumb\"},\"inLanguage\":\"it-IT\",\"potentialAction\":[{\"@type\":\"ReadAction\",\"target\":[\"https:\\\/\\\/www.orizon.pro\\\/it\\\/hardware\\\/\"]}]},{\"@type\":\"ImageObject\",\"inLanguage\":\"it-IT\",\"@id\":\"https:\\\/\\\/www.orizon.pro\\\/it\\\/hardware\\\/#primaryimage\",\"url\":\"https:\\\/\\\/www.orizon.pro\\\/wp-content\\\/uploads\\\/2025\\\/10\\\/kit1-orizon-drive-sense-1.png\",\"contentUrl\":\"https:\\\/\\\/www.orizon.pro\\\/wp-content\\\/uploads\\\/2025\\\/10\\\/kit1-orizon-drive-sense-1.png\"},{\"@type\":\"BreadcrumbList\",\"@id\":\"https:\\\/\\\/www.orizon.pro\\\/it\\\/hardware\\\/#breadcrumb\",\"itemListElement\":[{\"@type\":\"ListItem\",\"position\":1,\"name\":\"Home\",\"item\":\"https:\\\/\\\/www.orizon.pro\\\/it\\\/\"},{\"@type\":\"ListItem\",\"position\":2,\"name\":\"Hardware\"}]},{\"@type\":\"WebSite\",\"@id\":\"https:\\\/\\\/www.orizon.pro\\\/it\\\/#website\",\"url\":\"https:\\\/\\\/www.orizon.pro\\\/it\\\/\",\"name\":\"Orizon\",\"description\":\"\",\"publisher\":{\"@id\":\"https:\\\/\\\/www.orizon.pro\\\/it\\\/#organization\"},\"potentialAction\":[{\"@type\":\"SearchAction\",\"target\":{\"@type\":\"EntryPoint\",\"urlTemplate\":\"https:\\\/\\\/www.orizon.pro\\\/it\\\/?s={search_term_string}\"},\"query-input\":{\"@type\":\"PropertyValueSpecification\",\"valueRequired\":true,\"valueName\":\"search_term_string\"}}],\"inLanguage\":\"it-IT\"},{\"@type\":\"Organization\",\"@id\":\"https:\\\/\\\/www.orizon.pro\\\/it\\\/#organization\",\"name\":\"My WordPress\",\"url\":\"https:\\\/\\\/www.orizon.pro\\\/it\\\/\",\"logo\":{\"@type\":\"ImageObject\",\"inLanguage\":\"it-IT\",\"@id\":\"https:\\\/\\\/www.orizon.pro\\\/it\\\/#\\\/schema\\\/logo\\\/image\\\/\",\"url\":\"https:\\\/\\\/www.orizon.pro\\\/wp-content\\\/uploads\\\/2025\\\/09\\\/logo.png\",\"contentUrl\":\"https:\\\/\\\/www.orizon.pro\\\/wp-content\\\/uploads\\\/2025\\\/09\\\/logo.png\",\"width\":168,\"height\":41,\"caption\":\"My WordPress\"},\"image\":{\"@id\":\"https:\\\/\\\/www.orizon.pro\\\/it\\\/#\\\/schema\\\/logo\\\/image\\\/\"},\"sameAs\":[\"https:\\\/\\\/www.facebook.com\\\/CartelloSrl\\\/\",\"https:\\\/\\\/www.instagram.com\\\/cartello_marine\\\/\",\"https:\\\/\\\/www.youtube.com\\\/channel\\\/UCp_cS0v-NShhbjuhiVImv7g\"]}]}<\/script>\n<!-- \/ Yoast SEO plugin. -->","yoast_head_json":{"title":"Hardware Nautico per Monitoraggio Intelligente | Orizon","description":"Scopri l\u2019hardware Orizon: sensori avanzati, antenne meteo, GPS e sistemi compatibili multi-brand per il controllo completo della tua imbarcazione.","robots":{"index":"index","follow":"follow","max-snippet":"max-snippet:-1","max-image-preview":"max-image-preview:large","max-video-preview":"max-video-preview:-1"},"canonical":"https:\/\/www.orizon.pro\/it\/hardware\/","og_locale":"it_IT","og_type":"article","og_title":"Hardware Nautico per Monitoraggio Intelligente | Orizon","og_description":"Scopri l\u2019hardware Orizon: sensori avanzati, antenne meteo, GPS e sistemi compatibili multi-brand per il controllo completo della tua imbarcazione.","og_url":"https:\/\/www.orizon.pro\/it\/hardware\/","og_site_name":"My WordPress","article_publisher":"https:\/\/www.facebook.com\/CartelloSrl\/","article_modified_time":"2025-11-03T09:22:18+00:00","og_image":[{"url":"https:\/\/www.orizon.pro\/wp-content\/uploads\/2025\/10\/kit1-orizon-drive-sense-1.png","type":"","width":"","height":""}],"twitter_card":"summary_large_image","twitter_misc":{"Tempo di lettura stimato":"2 minuti"},"schema":{"@context":"https:\/\/schema.org","@graph":[{"@type":"WebPage","@id":"https:\/\/www.orizon.pro\/it\/hardware\/","url":"https:\/\/www.orizon.pro\/it\/hardware\/","name":"Hardware Nautico per Monitoraggio Intelligente | Orizon","isPartOf":{"@id":"https:\/\/www.orizon.pro\/it\/#website"},"primaryImageOfPage":{"@id":"https:\/\/www.orizon.pro\/it\/hardware\/#primaryimage"},"image":{"@id":"https:\/\/www.orizon.pro\/it\/hardware\/#primaryimage"},"thumbnailUrl":"https:\/\/www.orizon.pro\/wp-content\/uploads\/2025\/10\/kit1-orizon-drive-sense-1.png","datePublished":"2025-10-09T12:15:33+00:00","dateModified":"2025-11-03T09:22:18+00:00","description":"Scopri l\u2019hardware Orizon: sensori avanzati, antenne meteo, GPS e sistemi compatibili multi-brand per il controllo completo della tua imbarcazione.","breadcrumb":{"@id":"https:\/\/www.orizon.pro\/it\/hardware\/#breadcrumb"},"inLanguage":"it-IT","potentialAction":[{"@type":"ReadAction","target":["https:\/\/www.orizon.pro\/it\/hardware\/"]}]},{"@type":"ImageObject","inLanguage":"it-IT","@id":"https:\/\/www.orizon.pro\/it\/hardware\/#primaryimage","url":"https:\/\/www.orizon.pro\/wp-content\/uploads\/2025\/10\/kit1-orizon-drive-sense-1.png","contentUrl":"https:\/\/www.orizon.pro\/wp-content\/uploads\/2025\/10\/kit1-orizon-drive-sense-1.png"},{"@type":"BreadcrumbList","@id":"https:\/\/www.orizon.pro\/it\/hardware\/#breadcrumb","itemListElement":[{"@type":"ListItem","position":1,"name":"Home","item":"https:\/\/www.orizon.pro\/it\/"},{"@type":"ListItem","position":2,"name":"Hardware"}]},{"@type":"WebSite","@id":"https:\/\/www.orizon.pro\/it\/#website","url":"https:\/\/www.orizon.pro\/it\/","name":"Orizon","description":"","publisher":{"@id":"https:\/\/www.orizon.pro\/it\/#organization"},"potentialAction":[{"@type":"SearchAction","target":{"@type":"EntryPoint","urlTemplate":"https:\/\/www.orizon.pro\/it\/?s={search_term_string}"},"query-input":{"@type":"PropertyValueSpecification","valueRequired":true,"valueName":"search_term_string"}}],"inLanguage":"it-IT"},{"@type":"Organization","@id":"https:\/\/www.orizon.pro\/it\/#organization","name":"My WordPress","url":"https:\/\/www.orizon.pro\/it\/","logo":{"@type":"ImageObject","inLanguage":"it-IT","@id":"https:\/\/www.orizon.pro\/it\/#\/schema\/logo\/image\/","url":"https:\/\/www.orizon.pro\/wp-content\/uploads\/2025\/09\/logo.png","contentUrl":"https:\/\/www.orizon.pro\/wp-content\/uploads\/2025\/09\/logo.png","width":168,"height":41,"caption":"My WordPress"},"image":{"@id":"https:\/\/www.orizon.pro\/it\/#\/schema\/logo\/image\/"},"sameAs":["https:\/\/www.facebook.com\/CartelloSrl\/","https:\/\/www.instagram.com\/cartello_marine\/","https:\/\/www.youtube.com\/channel\/UCp_cS0v-NShhbjuhiVImv7g"]}]}},"_links":{"self":[{"href":"https:\/\/www.orizon.pro\/it\/wp-json\/wp\/v2\/pages\/1511","targetHints":{"allow":["GET"]}}],"collection":[{"href":"https:\/\/www.orizon.pro\/it\/wp-json\/wp\/v2\/pages"}],"about":[{"href":"https:\/\/www.orizon.pro\/it\/wp-json\/wp\/v2\/types\/page"}],"author":[{"embeddable":true,"href":"https:\/\/www.orizon.pro\/it\/wp-json\/wp\/v2\/users\/2"}],"replies":[{"embeddable":true,"href":"https:\/\/www.orizon.pro\/it\/wp-json\/wp\/v2\/comments?post=1511"}],"version-history":[{"count":24,"href":"https:\/\/www.orizon.pro\/it\/wp-json\/wp\/v2\/pages\/1511\/revisions"}],"predecessor-version":[{"id":2039,"href":"https:\/\/www.orizon.pro\/it\/wp-json\/wp\/v2\/pages\/1511\/revisions\/2039"}],"wp:attachment":[{"href":"https:\/\/www.orizon.pro\/it\/wp-json\/wp\/v2\/media?parent=1511"}],"curies":[{"name":"wp","href":"https:\/\/api.w.org\/{rel}","templated":true}]}}